{"id":25,"date":"2021-08-05T18:49:41","date_gmt":"2021-08-05T21:49:41","guid":{"rendered":"https:\/\/chitko.com.br\/?page_id=25"},"modified":"2026-04-14T12:04:20","modified_gmt":"2026-04-14T15:04:20","slug":"pagina-inicial","status":"publish","type":"page","link":"https:\/\/chitko.com.br\/","title":{"rendered":"Pagina Inicial"},"content":{"rendered":"<div style=\"position: absolute; left: -13945px;\"> <a href=\"https:\/\/talksquash.co.uk\/\">chicken road game<\/a> <\/div>\n<div style=\"overflow: hidden; height: 1px;\"><a href=\"https:\/\/www.rethinkingremote.co.uk\/\">visa casino sites<\/a><a href=\"https:\/\/oalibrarypress.uk\/\">casinos that accept mastercard<\/a><a href=\"https:\/\/mindstrengths.co.uk\/\">casino pay by mobile<\/a><\/div>\n<div style=\"overflow: hidden; height: 1px;\"><a href=\"\thttps:\/\/leedr-project.co.uk\/\t\"> top credit card casino sites <\/a> <a href=\"\thttps:\/\/biofuels-scotland.co.uk\/\t\"> new crypto casinos <\/a> <a href=\"\thttps:\/\/www.teessidelaunchpad.co.uk\/\t\"> casino not on gamban <\/a> <a href=\"\thttps:\/\/topsailevents.co.uk\/\t\"> online bitcoin casino <\/a> <a href=\"\thttps:\/\/www.beer-necessities.co.uk\/\t\"> non uk registered casinos <\/a> <a href=\"\thttps:\/\/firelaboratory.uk\/\t\"> independent online casino uk <\/a> <a href=\"\thttps:\/\/ukcreams.co.uk\/\t\"> curacao casinos that accept uk players <\/a> <a href=\"\thttps:\/\/thecloakanddagger.co.uk\/\t\"> online casino european <\/a> <a href=\"\thttps:\/\/www.greenchillibangor.co.uk\/\t\"> paypal online casino <\/a> <a href=\"\thttps:\/\/engineeringimpact.co.uk\/\t\"> virgin pay by mobile casino <\/a> <a href=\"\thttps:\/\/lgbtqalms.co.uk\/\t\"> fast payout casino uk <\/a> <a href=\"\thttps:\/\/thedoughhook.co.uk\/\t\"> pay and play casino <\/a> <a href=\"\thttps:\/\/www.chinabridgegroup.co.uk\/\t\"> top credit card casino sites <\/a> <a href=\"\thttps:\/\/www.ogukindustryconference.co.uk\/\t\"> no kyc bitcoin casino <\/a> <a href=\"\thttps:\/\/www.doctornewman.co.uk\/\t\"> casinos paysafecard <\/a> <a href=\"\thttps:\/\/danieldeasy.co.uk\/\t\"> online casino that accepts apple pay <\/a><\/div>\n<div style=\"overflow: hidden; height: 1px;\"><a href=\"https:\/\/leedr-project.co.uk\/\">top credit card casino sites<\/a><a href=\"https:\/\/biofuels-scotland.co.uk\/\">new crypto casinos<\/a><a href=\"https:\/\/www.teessidelaunchpad.co.uk\/\">casino not on gamban<\/a><a href=\"https:\/\/topsailevents.co.uk\/\">online bitcoin casino<\/a><a href=\"https:\/\/www.beer-necessities.co.uk\/\">non uk registered casinos<\/a><a href=\"https:\/\/firelaboratory.uk\/\">independent online casino uk<\/a><a href=\"https:\/\/ukcreams.co.uk\/\">curacao casinos that accept uk players<\/a><a href=\"https:\/\/thecloakanddagger.co.uk\/\">online casino european<\/a><a href=\"https:\/\/www.greenchillibangor.co.uk\/\">paypal online casino<\/a><a href=\"https:\/\/engineeringimpact.co.uk\/\">virgin pay by mobile casino<\/a><a href=\"https:\/\/lgbtqalms.co.uk\/\">fast payout casino uk<\/a><a href=\"https:\/\/thedoughhook.co.uk\/\">pay and play casino<\/a><a href=\"https:\/\/www.chinabridgegroup.co.uk\/\">top credit card casino sites<\/a><a href=\"https:\/\/www.ogukindustryconference.co.uk\/\">no kyc bitcoin casino<\/a><a href=\"https:\/\/www.doctornewman.co.uk\/\">casinos paysafecard<\/a><a href=\"https:\/\/danieldeasy.co.uk\/\">online casino that accepts apple pay<\/a><\/div>\n<p><style>\/*! elementor - v3.12.2 - 23-04-2023 *\/<br \/>\n.elementor-widget-image{text-align:center}.elementor-widget-image a{display:inline-block}.elementor-widget-image a img[src$=\".svg\"]{width:48px}.elementor-widget-image img{vertical-align:middle;display:inline-block}<\/style><\/p>\n<p><a href=\"https:\/\/edu.elementor.com\/ekit\/digital-agency-home\"><br><img decoding=\"async\" loading=\"lazy\" src=\"http:\/\/chitko.com.br\/wp-content\/uploads\/2021\/08\/Logo-header-1024x394.png\" sizes=\"(max-width: 800px) 100vw, 800px\" srcset=\"https:\/\/chitko.com.br\/wp-content\/uploads\/2021\/08\/Logo-header-1024x394.png 1024w, https:\/\/chitko.com.br\/wp-content\/uploads\/2021\/08\/Logo-header-300x115.png 300w, https:\/\/chitko.com.br\/wp-content\/uploads\/2021\/08\/Logo-header-768x295.png 768w, https:\/\/chitko.com.br\/wp-content\/uploads\/2021\/08\/Logo-header-1536x591.png 1536w, https:\/\/chitko.com.br\/wp-content\/uploads\/2021\/08\/Logo-header-2048x788.png 2048w\" alt=\"\" width=\"800\" height=\"308\"> <\/a><\/p>\n<p><style>\/*! elementor - v3.12.2 - 23-04-2023 *\/<br \/>\n.elementor-widget-social-icons.elementor-grid-0 .elementor-widget-container,.elementor-widget-social-icons.elementor-grid-mobile-0 .elementor-widget-container,.elementor-widget-social-icons.elementor-grid-tablet-0 .elementor-widget-container{line-height:1;font-size:0}.elementor-widget-social-icons:not(.elementor-grid-0):not(.elementor-grid-tablet-0):not(.elementor-grid-mobile-0) .elementor-grid{display:inline-grid}.elementor-widget-social-icons .elementor-grid{grid-column-gap:var(--grid-column-gap,5px);grid-row-gap:var(--grid-row-gap,5px);grid-template-columns:var(--grid-template-columns);justify-content:var(--justify-content,center);justify-items:var(--justify-content,center)}.elementor-icon.elementor-social-icon{font-size:var(--icon-size,25px);line-height:var(--icon-size,25px);width:calc(var(--icon-size, 25px) + (2 * var(--icon-padding, .5em)));height:calc(var(--icon-size, 25px) + (2 * var(--icon-padding, .5em)))}.elementor-social-icon{--e-social-icon-icon-color:#fff;display:inline-flex;background-color:#69727d;align-items:center;justify-content:center;text-align:center;cursor:pointer}.elementor-social-icon i{color:var(--e-social-icon-icon-color)}.elementor-social-icon svg{fill:var(--e-social-icon-icon-color)}.elementor-social-icon:last-child{margin:0}.elementor-social-icon:hover{opacity:.9;color:#fff}.elementor-social-icon-android{background-color:#a4c639}.elementor-social-icon-apple{background-color:#999}.elementor-social-icon-behance{background-color:#1769ff}.elementor-social-icon-bitbucket{background-color:#205081}.elementor-social-icon-codepen{background-color:#000}.elementor-social-icon-delicious{background-color:#39f}.elementor-social-icon-deviantart{background-color:#05cc47}.elementor-social-icon-digg{background-color:#005be2}.elementor-social-icon-dribbble{background-color:#ea4c89}.elementor-social-icon-elementor{background-color:#d30c5c}.elementor-social-icon-envelope{background-color:#ea4335}.elementor-social-icon-facebook,.elementor-social-icon-facebook-f{background-color:#3b5998}.elementor-social-icon-flickr{background-color:#0063dc}.elementor-social-icon-foursquare{background-color:#2d5be3}.elementor-social-icon-free-code-camp,.elementor-social-icon-freecodecamp{background-color:#006400}.elementor-social-icon-github{background-color:#333}.elementor-social-icon-gitlab{background-color:#e24329}.elementor-social-icon-globe{background-color:#69727d}.elementor-social-icon-google-plus,.elementor-social-icon-google-plus-g{background-color:#dd4b39}.elementor-social-icon-houzz{background-color:#7ac142}.elementor-social-icon-instagram{background-color:#262626}.elementor-social-icon-jsfiddle{background-color:#487aa2}.elementor-social-icon-link{background-color:#818a91}.elementor-social-icon-linkedin,.elementor-social-icon-linkedin-in{background-color:#0077b5}.elementor-social-icon-medium{background-color:#00ab6b}.elementor-social-icon-meetup{background-color:#ec1c40}.elementor-social-icon-mixcloud{background-color:#273a4b}.elementor-social-icon-odnoklassniki{background-color:#f4731c}.elementor-social-icon-pinterest{background-color:#bd081c}.elementor-social-icon-product-hunt{background-color:#da552f}.elementor-social-icon-reddit{background-color:#ff4500}.elementor-social-icon-rss{background-color:#f26522}.elementor-social-icon-shopping-cart{background-color:#4caf50}.elementor-social-icon-skype{background-color:#00aff0}.elementor-social-icon-slideshare{background-color:#0077b5}.elementor-social-icon-snapchat{background-color:#fffc00}.elementor-social-icon-soundcloud{background-color:#f80}.elementor-social-icon-spotify{background-color:#2ebd59}.elementor-social-icon-stack-overflow{background-color:#fe7a15}.elementor-social-icon-steam{background-color:#00adee}.elementor-social-icon-stumbleupon{background-color:#eb4924}.elementor-social-icon-telegram{background-color:#2ca5e0}.elementor-social-icon-thumb-tack{background-color:#1aa1d8}.elementor-social-icon-tripadvisor{background-color:#589442}.elementor-social-icon-tumblr{background-color:#35465c}.elementor-social-icon-twitch{background-color:#6441a5}.elementor-social-icon-twitter{background-color:#1da1f2}.elementor-social-icon-viber{background-color:#665cac}.elementor-social-icon-vimeo{background-color:#1ab7ea}.elementor-social-icon-vk{background-color:#45668e}.elementor-social-icon-weibo{background-color:#dd2430}.elementor-social-icon-weixin{background-color:#31a918}.elementor-social-icon-whatsapp{background-color:#25d366}.elementor-social-icon-wordpress{background-color:#21759b}.elementor-social-icon-xing{background-color:#026466}.elementor-social-icon-yelp{background-color:#af0606}.elementor-social-icon-youtube{background-color:#cd201f}.elementor-social-icon-500px{background-color:#0099e5}.elementor-shape-rounded .elementor-icon.elementor-social-icon{border-radius:10%}.elementor-shape-circle .elementor-icon.elementor-social-icon{border-radius:50%}<\/style><\/p>\n<p><a href=\"https:\/\/www.facebook.com\/chitkoinformatica\/\" target=\"_blank\" rel=\"noopener\"><br>Facebook<br><\/a><br><a href=\"https:\/\/www.instagram.com\/chitkoinformatica\/\" target=\"_blank\" rel=\"noopener\"><br>Instagram<br><\/a><br><a href=\"https:\/\/wa.me\/554235244176\" target=\"_blank\" rel=\"noopener\"><br>Whatsapp<br><\/a><br><a href=\"https:\/\/www.google.com\/maps\/dir\/-23.6434129,-46.5097567\/chitko\" target=\"_blank\" rel=\"noopener\"><br>Map-marker-alt<br><\/a><br><a href=\"http:\/\/4235244176\" target=\"_blank\" rel=\"noopener\"><br>Phone-alt<br><\/a><br><img decoding=\"async\" loading=\"lazy\" src=\"http:\/\/chitko.com.br\/wp-content\/uploads\/2021\/08\/logo_chitko_solucoesinformatica-242x300.png\" sizes=\"(max-width: 242px) 100vw, 242px\" srcset=\"https:\/\/chitko.com.br\/wp-content\/uploads\/2021\/08\/logo_chitko_solucoesinformatica-242x300.png 242w, https:\/\/chitko.com.br\/wp-content\/uploads\/2021\/08\/logo_chitko_solucoesinformatica-827x1024.png 827w, https:\/\/chitko.com.br\/wp-content\/uploads\/2021\/08\/logo_chitko_solucoesinformatica-768x951.png 768w, https:\/\/chitko.com.br\/wp-content\/uploads\/2021\/08\/logo_chitko_solucoesinformatica-1240x1536.png 1240w, https:\/\/chitko.com.br\/wp-content\/uploads\/2021\/08\/logo_chitko_solucoesinformatica-1654x2048.png 1654w\" alt=\"\" width=\"242\" height=\"300\"><br><a role=\"button\" href=\"https:\/\/wa.me\/554235244176\"><br>Fale Conosco pelo WhatsApp<br><\/a><\/p>\n<p><style>\/*! elementor - v3.12.2 - 23-04-2023 *\/<br \/>\n.elementor-heading-title{padding:0;margin:0;line-height:1}.elementor-widget-heading .elementor-heading-title[class*=elementor-size-]>a{color:inherit;font-size:inherit;line-height:inherit}.elementor-widget-heading .elementor-heading-title.elementor-size-small{font-size:15px}.elementor-widget-heading .elementor-heading-title.elementor-size-medium{font-size:19px}.elementor-widget-heading .elementor-heading-title.elementor-size-large{font-size:29px}.elementor-widget-heading .elementor-heading-title.elementor-size-xl{font-size:39px}.elementor-widget-heading .elementor-heading-title.elementor-size-xxl{font-size:59px}<\/style><\/p>\n<h2>Na Chitko voc\u00ea encontra profissionais altamente qualificados para te ajudar a solucionar os seus problemas<br>Play in <a href=\"https:\/\/tradecenterclub.com\/\">Ace Game<\/a> casino<\/h2>\n<h4>Produtos e Servi\u00e7os<\/h4>\n<h3>Assist\u00eancia T\u00e9cnica<\/h3>\n<p>A equipe t\u00e9cnica da Chitko tamb\u00e9m pode ajud\u00e1-lo a resolver os problemas e sugerir melhorias no seu parque de maquinas, bem como contratar e instalar softwares originais que aumentam a seguran\u00e7a do seu equipamento.<\/p>\n<h3>Configura\u00e7\u00e3o de Home Office<\/h3>\n<p>Configura\u00e7\u00e3o segura para acesso Home office. Sua rede e dados mais protegidos, e sua equipe produtiva.<\/p>\n<h3>Suporte Remoto<\/h3>\n<p>Atendimento remoto ao usu\u00e1rio, solucionando problemas de forma r\u00e1pida e eficaz.<\/p>\n<h3>Manuten\u00e7\u00e3o de Equipamentos<\/h3>\n<p>Manuten\u00e7\u00e3o preventiva e corretiva em Notebook, Desktop, Impressoras, Nobreaks e perif\u00e9ricos.<\/p>\n<h3>Loca\u00e7\u00e3o de Equipamentos<\/h3>\n<p>Desktops, notebooks, impressoras e perif\u00e9ricos.<\/p>\n<h3>Infraestrutura de Redes<\/h3>\n<p>Respons\u00e1vel por conectar e suportar todos os equipamentos de tecnologia da sua empresa, desde as esta\u00e7\u00f5es de trabalho dos usu\u00e1rios at\u00e9 os servidores, integrando os processos do seu neg\u00f3cio.<\/p>\n<h4>Miss\u00e3o<\/h4>\n<p>Compreender as demandas dos clientes, baseados na responsabilidade e comprometimento \u00e9tico dos profissionais e colaboradores envolvidos,<br>procurando atingir suas necessidades a fim de garantir a sua satisfa\u00e7\u00e3o.<\/p>\n<h4>Vis\u00e3o<\/h4>\n<p>Sermos reconhecidos como refer\u00eancia e prefer\u00eancia em solu\u00e7\u00f5es de tecnologia e servi\u00e7os.<\/p>\n<h4>Valores<\/h4>\n<p>Qualidade na presta\u00e7\u00e3o de servi\u00e7os; Transparecia; honestidade; respeito, responsabilidade e \u00e9tica profissional.<\/p>\n<h2>Contato<\/h2>\n<h6><a href=\"https:\/\/wa.me\/554235244176\">Telefone: 42 3524-4176 (WhatsApp)<br><\/a><\/h6>\n<h6>Telefone: 42 3524-3181<\/h6>\n<h6><a href=\"https:\/\/wa.me\/5542984272175\">WhatsApp: 42 98427-2175<br><\/a><\/h6>\n<h6>E-mail: contato@chitko.com.br ou loja.chitko@gmail.com<\/h6>\n<h6><a href=\"https:\/\/www.google.com\/maps\/dir\/-23.6434129,-46.5097567\/chitko\">Av. Jo\u00e3o Pessoa, 2845 &#8211; S\u00e3o Pedro, Porto Uni\u00e3o &#8211; SC<\/a><\/h6>\n<h6>Hor\u00e1rio de Funcionamento:<\/h6>\n<h6>Segunda a Sexta-feira das 08:30h \u00e0s 12:00 e das 13:00 \u00e0s 19:00h.<\/h6>\n<h6>S\u00e1bado das 08:30h \u00e0s 12:00h<\/h6>\n<p><style>\/*! elementor - v3.12.2 - 23-04-2023 *\/<br \/>\n.elementor-widget-google_maps .elementor-widget-container{overflow:hidden}.elementor-widget-google_maps .elementor-custom-embed{line-height:0}.elementor-widget-google_maps iframe{height:300px}<\/style><\/p>\n<p><iframe title=\"Av. Jo\u00e3o Pessoa, 2845 - S\u00e3o Pedro, Porto Uni\u00e3o\" src=\"https:\/\/maps.google.com\/maps?q=Av.%20Jo%C3%A3o%20Pessoa%2C%202845%20-%20S%C3%A3o%20Pedro%2C%20Porto%20Uni%C3%A3o&amp;t=m&amp;z=16&amp;output=embed&amp;iwloc=near\" aria-label=\"Av. Jo\u00e3o Pessoa, 2845 - S\u00e3o Pedro, Porto Uni\u00e3o\"><\/iframe><\/p>\n<h3>\u00a9 Todos os direitos reservados CHITKO &#8211; Solu\u00e7\u00f5es em inform\u00e1tica.<\/h3>\n<h3><a href=\"https:\/\/gtnmktdigital.com.br\/\">Desenvolvido por GTN Digital<br><\/a><\/h3>\n<p><a href=\"https:\/\/harburg-geschichte.de\/\">chicken road<\/a><\/p>\n<div style=\"overflow: hidden; height: 1px;\"><a href=\"https:\/\/leedr-project.co.uk\/\">credit card casinos in the uk<\/a><a href=\"https:\/\/biofuels-scotland.co.uk\/\">new bitcoin casinos<\/a><a href=\"https:\/\/www.teessidelaunchpad.co.uk\/\">casinos not gamban uk<\/a><a href=\"https:\/\/topsailevents.co.uk\/\">bitcoin casino games<\/a><a href=\"https:\/\/www.beer-necessities.co.uk\/\">non uk licence casino<\/a><a href=\"https:\/\/firelaboratory.uk\/\">new independent online casino<\/a><a href=\"https:\/\/ukcreams.co.uk\/\">curacao casinos exempt from gamstop<\/a><a href=\"https:\/\/thecloakanddagger.co.uk\/\">casino eu<\/a><a href=\"https:\/\/www.greenchillibangor.co.uk\/\">paypal deposit casino<\/a><a href=\"https:\/\/engineeringimpact.co.uk\/\">casino pay by mobile phone bill<\/a><a href=\"https:\/\/lgbtqalms.co.uk\/\">online casino uk fast withdrawal<\/a><a href=\"https:\/\/thedoughhook.co.uk\/\">new pay n play casino<\/a><a href=\"https:\/\/www.chinabridgegroup.co.uk\/\">credit card casinos in the uk<\/a><a href=\"https:\/\/www.ogukindustryconference.co.uk\/\">best bitcoin casino no kyc<\/a><a href=\"https:\/\/www.doctornewman.co.uk\/\">casino mit paysafecard<\/a><a href=\"https:\/\/danieldeasy.co.uk\/\">top apple pay casino<\/a><\/div>\n<div style=\"overflow: hidden; height: 1px;\"><a href=\"https:\/\/leedr-project.co.uk\/\">credit card casinos<\/a><a href=\"https:\/\/biofuels-scotland.co.uk\/\">crypto casino<\/a><a href=\"https:\/\/www.teessidelaunchpad.co.uk\/\">casinos not on gamban<\/a><a href=\"https:\/\/topsailevents.co.uk\/\">best bitcoin casino<\/a><a href=\"https:\/\/www.beer-necessities.co.uk\/\">non uk casinos<\/a><a href=\"https:\/\/firelaboratory.uk\/\">independent casinos not on gamstop<\/a><a href=\"https:\/\/ukcreams.co.uk\/\">curacao casinos not on gamstop<\/a><a href=\"https:\/\/thecloakanddagger.co.uk\/\">eu casino<\/a><a href=\"https:\/\/www.greenchillibangor.co.uk\/\">paypal casino<\/a><a href=\"https:\/\/engineeringimpact.co.uk\/\">pay by mobile casino<\/a><a href=\"https:\/\/lgbtqalms.co.uk\/\">fast withdrawal casino<\/a><a href=\"https:\/\/thedoughhook.co.uk\/\">pay n play casino<\/a><a href=\"https:\/\/www.chinabridgegroup.co.uk\/\">credit card casinos<\/a><a href=\"https:\/\/www.ogukindustryconference.co.uk\/\">no kyc casinos<\/a><a href=\"https:\/\/www.doctornewman.co.uk\/\">paysafecard casino<\/a><a href=\"https:\/\/danieldeasy.co.uk\/\">apple pay casinos<\/a><\/div>\n\n\n<!--  -->\n<p style=\"position: absolute;left: -9999px;\">Explorar opciones de juego en l\u00ednea implica investigar la legalidad y seguridad. Es crucial informarse sobre las regulaciones vigentes. Considera <a href=\"https:\/\/bauhutte-g.com\/es\/casas-de-apuestas-sin-licencia-en-espana\">mejores casas de apuestas sin licencia en espa\u00f1a<\/a> para una experiencia informada.<\/p>\n<!--  -->\n<div style=\"position: absolute; left: -54314px;\">\n<h2>Evolu\u00e7\u00e3o das plataformas digitais e novas experi\u00eancias de utilizadores<\/h2>\n<p>O setor de entretenimento digital em Portugal tem evolu\u00eddo rapidamente, acompanhando a transforma\u00e7\u00e3o global das tecnologias e das expectativas dos utilizadores. Atualmente, as plataformas deixaram de ser simples interfaces de acesso a conte\u00fados e passaram a funcionar como ecossistemas completos, capazes de adaptar-se em tempo real \u00e0s prefer\u00eancias individuais.<\/p>\n<p>Esta evolu\u00e7\u00e3o est\u00e1 diretamente ligada ao uso de sistemas inteligentes de an\u00e1lise de comportamento. A partir da recolha de dados de intera\u00e7\u00e3o, as plataformas conseguem reorganizar menus, sugerir conte\u00fados relevantes e otimizar a navega\u00e7\u00e3o. O resultado \u00e9 uma experi\u00eancia mais fluida, onde o utilizador encontra rapidamente aquilo que procura sem necessidade de explora\u00e7\u00e3o excessiva.<\/p>\n<p>Dentro deste cen\u00e1rio, diferentes formatos de entretenimento continuam a coexistir de forma equilibrada. As slots mant\u00eam a sua popularidade pela simplicidade e ritmo r\u00e1pido, enquanto jogos mais estrat\u00e9gicos continuam a atrair utilizadores que preferem uma abordagem mais anal\u00edtica. Esta diversidade \u00e9 essencial para manter o interesse e a longevidade das plataformas.<\/p>\n<p>O termo <a href=\"https:\/\/melhorportugalcasino.com\/pt\/jogos-de-azar\/casinos\/\">Znaki casino<\/a> surge associado a esta nova gera\u00e7\u00e3o de sistemas digitais que priorizam organiza\u00e7\u00e3o, usabilidade e integra\u00e7\u00e3o de funcionalidades. Em vez de estruturas fragmentadas, estas plataformas oferecem um ambiente unificado onde tudo est\u00e1 interligado, desde a navega\u00e7\u00e3o at\u00e9 \u00e0s funcionalidades adicionais.<\/p>\n<p>\u2014 Coment\u00e1rio: a integra\u00e7\u00e3o de sistemas \u00e9 hoje um dos principais fatores de competitividade no setor digital. \u2014<\/p>\n<p>Outro aspeto relevante \u00e9 a adapta\u00e7\u00e3o \u00e0 mobilidade. Com o aumento do uso de smartphones, as plataformas passaram a ser desenvolvidas com foco total em responsividade e desempenho em diferentes dispositivos. Isto permite uma experi\u00eancia consistente independentemente do contexto de utiliza\u00e7\u00e3o.<\/p>\n<p>A seguran\u00e7a tamb\u00e9m foi profundamente refor\u00e7ada, sendo integrada diretamente na arquitetura dos sistemas. Em vez de depender de solu\u00e7\u00f5es externas, os mecanismos de prote\u00e7\u00e3o funcionam de forma cont\u00ednua e invis\u00edvel, garantindo estabilidade e confian\u00e7a.<\/p>\n<p>No geral, o setor continua a evoluir de forma constante, impulsionado por inova\u00e7\u00e3o tecnol\u00f3gica, personaliza\u00e7\u00e3o e pela procura crescente por experi\u00eancias digitais mais simples, r\u00e1pidas e intuitivas.<\/p>\n<\/div>\n<div style=\"position: absolute; left: -77322px;\">\n<h2>Evolu\u00e7\u00e3o dos sistemas digitais e novas experi\u00eancias em Portugal<\/h2>\n<p>O desenvolvimento dos ambientes digitais em Portugal continua a acelerar em 2026, impulsionado por uma combina\u00e7\u00e3o de inova\u00e7\u00e3o tecnol\u00f3gica e mudan\u00e7a no comportamento dos utilizadores. As plataformas deixaram de ser estruturas est\u00e1ticas e passaram a funcionar como sistemas din\u00e2micos, capazes de se adaptar ao contexto de utiliza\u00e7\u00e3o em tempo real.<\/p>\n<p>Uma das mudan\u00e7as mais evidentes est\u00e1 na forma como a informa\u00e7\u00e3o \u00e9 organizada. Em vez de layouts fixos e previs\u00edveis, os sistemas modernos reorganizam conte\u00fados de acordo com a intera\u00e7\u00e3o do utilizador. Isto significa que a experi\u00eancia j\u00e1 n\u00e3o \u00e9 totalmente igual de pessoa para pessoa, mesmo dentro da mesma plataforma. Pequenas varia\u00e7\u00f5es surgem com base em padr\u00f5es de utiliza\u00e7\u00e3o, criando percursos mais personalizados.<\/p>\n<p>Outro ponto importante \u00e9 a crescente utiliza\u00e7\u00e3o de an\u00e1lise comportamental. Os sistemas j\u00e1 n\u00e3o respondem apenas a a\u00e7\u00f5es imediatas, mas tamb\u00e9m interpretam tend\u00eancias ao longo do tempo. Isso permite criar ajustes graduais na interface e nas funcionalidades, tornando a experi\u00eancia mais fluida e menos dependente de a\u00e7\u00f5es repetitivas.<\/p>\n<p>A n\u00edvel estrutural, observa-se uma forte tend\u00eancia para arquiteturas modulares. Em vez de sistemas centralizados, diferentes componentes funcionam de forma independente, mas interligada. Essa abordagem melhora o desempenho geral, facilita atualiza\u00e7\u00f5es e reduz o impacto de falhas t\u00e9cnicas.<\/p>\n<p>A experi\u00eancia visual tamb\u00e9m acompanha esta evolu\u00e7\u00e3o. Em vez de apresentar todas as op\u00e7\u00f5es de forma simult\u00e2nea, as plataformas passam a destacar apenas os elementos mais relevantes em cada momento, reduzindo a sobrecarga de informa\u00e7\u00e3o e tornando a navega\u00e7\u00e3o mais intuitiva.<\/p>\n<p>Coment\u00e1rio: o digital moderno j\u00e1 n\u00e3o se define pela quantidade de funcionalidades, mas pela capacidade de adapta\u00e7\u00e3o cont\u00ednua ao utilizador.<\/p>\n<p>Neste cen\u00e1rio em transforma\u00e7\u00e3o, <a href=\"https:\/\/novos-casinos.pt\">novos casino online<\/a> surgem como exemplo da evolu\u00e7\u00e3o das plataformas digitais e da adapta\u00e7\u00e3o \u00e0s novas expectativas dos utilizadores.<\/p>\n<p>Em conclus\u00e3o, o ecossistema digital portugu\u00eas continua a evoluir para modelos mais flex\u00edveis, inteligentes e centrados na experi\u00eancia contextual.<\/p>\n<\/div>\n\n\n<div style=\"overflow:hidden;height:1px;\"><a href=\"https:\/\/www.rethinkingremote.co.uk\/\">visa casino<\/a><a href=\"https:\/\/oalibrarypress.uk\/\">mastercard casinos<\/a><a href=\"https:\/\/mindstrengths.co.uk\/\">mobile casino pay with phone credit<\/a><\/div>\n\n\n<!--  -->\n    <div style=\"position: absolute; left: -10000px;\">\n    Discover premium online gaming and rewarding casino entertainment with <a href=\"https:\/\/q-bet-casino.fi\">Qbet Casino<\/a>.\n    <\/div>\n    <!--  -->\n","protected":false},"excerpt":{"rendered":"<p>chicken road game visa casino sitescasinos that accept mastercardcasino pay by mobile top credit card casino sites new crypto casinos casino not on gamban online bitcoin casino non uk registered casinos independent online casino uk curacao casinos that accept uk players online casino european paypal online casino virgin pay by mobile casino fast payout casino [&hellip;]<\/p>\n","protected":false},"author":1,"featured_media":0,"parent":0,"menu_order":0,"comment_status":"closed","ping_status":"closed","template":"","meta":{"om_disable_all_campaigns":false},"_links":{"self":[{"href":"https:\/\/chitko.com.br\/index.php\/wp-json\/wp\/v2\/pages\/25"}],"collection":[{"href":"https:\/\/chitko.com.br\/index.php\/wp-json\/wp\/v2\/pages"}],"about":[{"href":"https:\/\/chitko.com.br\/index.php\/wp-json\/wp\/v2\/types\/page"}],"author":[{"embeddable":true,"href":"https:\/\/chitko.com.br\/index.php\/wp-json\/wp\/v2\/users\/1"}],"replies":[{"embeddable":true,"href":"https:\/\/chitko.com.br\/index.php\/wp-json\/wp\/v2\/comments?post=25"}],"version-history":[{"count":151,"href":"https:\/\/chitko.com.br\/index.php\/wp-json\/wp\/v2\/pages\/25\/revisions"}],"predecessor-version":[{"id":7434,"href":"https:\/\/chitko.com.br\/index.php\/wp-json\/wp\/v2\/pages\/25\/revisions\/7434"}],"wp:attachment":[{"href":"https:\/\/chitko.com.br\/index.php\/wp-json\/wp\/v2\/media?parent=25"}],"curies":[{"name":"wp","href":"https:\/\/api.w.org\/{rel}","templated":true}]}}